{"id":949,"date":"2021-03-21T19:42:12","date_gmt":"2021-03-21T18:42:12","guid":{"rendered":"https:\/\/www.theater-kunterbunt.de\/wp-blog\/?page_id=949"},"modified":"2022-12-30T16:45:32","modified_gmt":"2022-12-30T15:45:32","slug":"bibelerzaehler","status":"publish","type":"page","link":"https:\/\/www.theater-kunterbunt.de\/wp-blog\/bibelerzaehler\/","title":{"rendered":"Bibelerz\u00e4hler"},"content":{"rendered":"\t\t<div data-elementor-type=\"wp-page\" data-elementor-id=\"949\" class=\"elementor elementor-949\">\n\t\t\t\t\t\t<section class=\"elementor-section elementor-top-section elementor-element elementor-element-b2957fe elementor-section-boxed elementor-section-height-default elementor-section-height-default\" data-id=\"b2957fe\" data-element_type=\"section\" data-e-type=\"section\">\n\t\t\t\t\t\t<div class=\"elementor-container elementor-column-gap-default\">\n\t\t\t\t\t<div class=\"elementor-column elementor-col-100 elementor-top-column elementor-element elementor-element-a10897d\" data-id=\"a10897d\" data-element_type=\"column\" data-e-type=\"column\">\n\t\t\t<div class=\"elementor-widget-wrap elementor-element-populated\">\n\t\t\t\t\t\t<div class=\"elementor-element elementor-element-df956c3 elementor-widget elementor-widget-text-editor\" data-id=\"df956c3\" data-element_type=\"widget\" data-e-type=\"widget\" data-widget_type=\"text-editor.default\">\n\t\t\t\t<div class=\"elementor-widget-container\">\n\t\t\t\t\t\t\t\t\t<p>Seit Jahren bin ich im \u201eAuftrag des Herrn\u201c unterwegs. Ich wandere von Schule zu Schule. Ich bin Religionsp\u00e4dagoge und unterrichte das Fach Religion an Grund- und Mittelschulen. Ich bin ein moderner \u201eWanderprediger\u201c, der regelm\u00e4\u00dfig Lebensgeschichten erz\u00e4hlt, die unsere Vorfahren entwickelt und in der Bibel, der \u201eHeiligen Schrift&#8220; niedergeschrieben haben.<\/p>\n<p>Im Jahr 2009 habe ich im Landesverband f\u00fcr Evang. Kindergottesdienstarbeit in Bayern an einer Ausbildung zum Bibelerz\u00e4hler teilgenommen. Danach habe ich mich dem\u201c Netzwerk Bibelerz\u00e4hlen\u201c, <a href=\"http:\/\/www.bibelerz\u00e4hler.de\/\">http:\/\/www.bibelerz\u00e4hler.de\/<\/a> angeschlossen.<\/p>\n<p>Mein Erz\u00e4hlstil ist gepr\u00e4gt von Martina Steink\u00fchler. Sie hat mich gelehrt, Gott erz\u00e4hlend zur Sprache zu bringen und dabei subjektiv, deutlich und offen zu erz\u00e4hlen. Auch bem\u00fche ich mich, ein vielschichtiges Gottesbild zu vermitteln, das frei ist von dogmatischen Festschreibungen. Mir ist stets klar, dass Gott den Menschen sucht, Gott uns st\u00f6rt und doch immer ein Geheimnis bleibt.<\/p>\n<p>So biete ich Hoffnungsgeschichten an, die erz\u00e4hlen: \u201eEs muss nichts bleiben, wie es ist.\u201c<\/p>\n<p>Viele M\u00f6glichkeiten werden mir nicht angeboten, biblische Geschichten zu erz\u00e4hlen. Oft lass ich die Erz\u00e4hlung in mir wachsen. Ich ben\u00f6tige Zeit. Sollten Sie Interesse haben an einer Erz\u00e4hlung, dann setzen Sie sich fr\u00fchzeitig mit mir in Verbindung. Tel.: 09188\/540 oder <a href=\"mailto:bischoff-bernd@t-online.de\">bischoff-bernd@t-online.de<\/a><\/p>\n<p>Literatur: Martina Steink\u00fchler: Bibelgeschichten sind Lebensgeschichten: Erz\u00e4hlen in Familie, Gemeinde und Schule EAN: 97 8387 9396 313 Verlag: J.G. Oncken<\/p>\t\t\t\t\t\t\t\t<\/div>\n\t\t\t\t<\/div>\n\t\t\t\t\t<\/div>\n\t\t<\/div>\n\t\t\t\t\t<\/div>\n\t\t<\/section>\n\t\t\t\t<section class=\"elementor-section elementor-top-section elementor-element elementor-element-436035f elementor-section-boxed elementor-section-height-default elementor-section-height-default\" data-id=\"436035f\" data-element_type=\"section\" data-e-type=\"section\">\n\t\t\t\t\t\t<div class=\"elementor-container elementor-column-gap-default\">\n\t\t\t\t\t<div class=\"elementor-column elementor-col-100 elementor-top-column elementor-element elementor-element-9143057\" data-id=\"9143057\" data-element_type=\"column\" data-e-type=\"column\">\n\t\t\t<div class=\"elementor-widget-wrap elementor-element-populated\">\n\t\t\t\t\t\t<div class=\"elementor-element elementor-element-5827903 elementor-widget elementor-widget-text-editor\" data-id=\"5827903\" data-element_type=\"widget\" data-e-type=\"widget\" data-widget_type=\"text-editor.default\">\n\t\t\t\t<div class=\"elementor-widget-container\">\n\t\t\t\t\t\t\t\t\t<p>Ich danke dem Claudius Verlag\u00a0 in M\u00fcnchen, dass ich das Video zeigen darf. Die Erz\u00e4hlung stammt aus &#8222;Freir\u00e4ume 7 &#8211; Praxisfertige Materialien&#8220;<\/p>\t\t\t\t\t\t\t\t<\/div>\n\t\t\t\t<\/div>\n\t\t\t\t\t<\/div>\n\t\t<\/div>\n\t\t\t\t\t<\/div>\n\t\t<\/section>\n\t\t\t\t<section class=\"elementor-section elementor-top-section elementor-element elementor-element-d706f8f elementor-section-boxed elementor-section-height-default elementor-section-height-default\" data-id=\"d706f8f\" data-element_type=\"section\" data-e-type=\"section\">\n\t\t\t\t\t\t<div class=\"elementor-container elementor-column-gap-default\">\n\t\t\t\t\t<div class=\"elementor-column elementor-col-100 elementor-top-column elementor-element elementor-element-6a71619\" data-id=\"6a71619\" data-element_type=\"column\" data-e-type=\"column\">\n\t\t\t<div class=\"elementor-widget-wrap elementor-element-populated\">\n\t\t\t\t\t\t<div class=\"elementor-element elementor-element-121dc04 elementor-widget elementor-widget-video\" data-id=\"121dc04\" data-element_type=\"widget\" data-e-type=\"widget\" data-settings=\"{&quot;youtube_url&quot;:&quot;https:\\\/\\\/youtu.be\\\/dbnH0Mqx13w&quot;,&quot;video_type&quot;:&quot;youtube&quot;,&quot;controls&quot;:&quot;yes&quot;}\" data-widget_type=\"video.default\">\n\t\t\t\t<div class=\"elementor-widget-container\">\n\t\t\t\t\t\t\t<div class=\"elementor-wrapper elementor-open-inline\">\n\t\t\t<div class=\"elementor-video\"><\/div>\t\t<\/div>\n\t\t\t\t\t\t<\/div>\n\t\t\t\t<\/div>\n\t\t\t\t\t<\/div>\n\t\t<\/div>\n\t\t\t\t\t<\/div>\n\t\t<\/section>\n\t\t\t\t<section class=\"elementor-section elementor-top-section elementor-element elementor-element-71ead52 elementor-section-boxed elementor-section-height-default elementor-section-height-default\" data-id=\"71ead52\" data-element_type=\"section\" data-e-type=\"section\">\n\t\t\t\t\t\t<div class=\"elementor-container elementor-column-gap-default\">\n\t\t\t\t\t<div class=\"elementor-column elementor-col-100 elementor-top-column elementor-element elementor-element-43d922a\" data-id=\"43d922a\" data-element_type=\"column\" data-e-type=\"column\">\n\t\t\t<div class=\"elementor-widget-wrap elementor-element-populated\">\n\t\t\t\t\t\t<div class=\"elementor-element elementor-element-492c02b elementor-widget elementor-widget-text-editor\" data-id=\"492c02b\" data-element_type=\"widget\" data-e-type=\"widget\" data-widget_type=\"text-editor.default\">\n\t\t\t\t<div class=\"elementor-widget-container\">\n\t\t\t\t\t\t\t\t\t<p><a href=\"https:\/\/video.link\/w\/yt0tc\">https:\/\/video.link\/w\/yt0tc\u00a0\u00a0 <\/a>Film ohne YouTube Webung, dann bitte dem Link folgen<\/p><p><\/p>\t\t\t\t\t\t\t\t<\/div>\n\t\t\t\t<\/div>\n\t\t\t\t\t<\/div>\n\t\t<\/div>\n\t\t\t\t\t<\/div>\n\t\t<\/section>\n\t\t\t\t<\/div>\n\t\t","protected":false},"excerpt":{"rendered":"<p>Seit Jahren bin ich im \u201eAuftrag des Herrn\u201c unterwegs. Ich wandere von Schule zu Schule. Ich bin Religionsp\u00e4dagoge und unterrichte das Fach Religion an Grund- und Mittelschulen. Ich bin ein moderner \u201eWanderprediger\u201c, der regelm\u00e4\u00dfig Lebensgeschichten erz\u00e4hlt, die unsere Vorfahren entwickelt und in der Bibel, der \u201eHeiligen Schrift&#8220; niedergeschrieben haben. Im [&hellip;]<\/p>\n","protected":false},"author":2,"featured_media":562,"parent":0,"menu_order":0,"comment_status":"closed","ping_status":"closed","template":"","meta":{"footnotes":""},"class_list":["post-949","page","type-page","status-publish","has-post-thumbnail","hentry"],"_links":{"self":[{"href":"https:\/\/www.theater-kunterbunt.de\/wp-blog\/wp-json\/wp\/v2\/pages\/949","targetHints":{"allow":["GET"]}}],"collection":[{"href":"https:\/\/www.theater-kunterbunt.de\/wp-blog\/wp-json\/wp\/v2\/pages"}],"about":[{"href":"https:\/\/www.theater-kunterbunt.de\/wp-blog\/wp-json\/wp\/v2\/types\/page"}],"author":[{"embeddable":true,"href":"https:\/\/www.theater-kunterbunt.de\/wp-blog\/wp-json\/wp\/v2\/users\/2"}],"replies":[{"embeddable":true,"href":"https:\/\/www.theater-kunterbunt.de\/wp-blog\/wp-json\/wp\/v2\/comments?post=949"}],"version-history":[{"count":28,"href":"https:\/\/www.theater-kunterbunt.de\/wp-blog\/wp-json\/wp\/v2\/pages\/949\/revisions"}],"predecessor-version":[{"id":1786,"href":"https:\/\/www.theater-kunterbunt.de\/wp-blog\/wp-json\/wp\/v2\/pages\/949\/revisions\/1786"}],"wp:featuredmedia":[{"embeddable":true,"href":"https:\/\/www.theater-kunterbunt.de\/wp-blog\/wp-json\/wp\/v2\/media\/562"}],"wp:attachment":[{"href":"https:\/\/www.theater-kunterbunt.de\/wp-blog\/wp-json\/wp\/v2\/media?parent=949"}],"curies":[{"name":"wp","href":"https:\/\/api.w.org\/{rel}","templated":true}]}}