{"id":713,"date":"2019-05-24T14:52:25","date_gmt":"2019-05-24T12:52:25","guid":{"rendered":"https:\/\/www.theater-kunterbunt.de\/wp-blog\/?page_id=713"},"modified":"2022-12-30T16:43:44","modified_gmt":"2022-12-30T15:43:44","slug":"der-loewe-auf-dem-dachboden","status":"publish","type":"page","link":"https:\/\/www.theater-kunterbunt.de\/wp-blog\/der-loewe-auf-dem-dachboden\/","title":{"rendered":"Der L\u00f6we auf dem Dachboden"},"content":{"rendered":"\t\t<div data-elementor-type=\"wp-post\" data-elementor-id=\"713\" class=\"elementor elementor-713\">\n\t\t\t\t\t\t<section class=\"elementor-section elementor-top-section elementor-element elementor-element-10e4e00 elementor-section-boxed elementor-section-height-default elementor-section-height-default\" data-id=\"10e4e00\" data-element_type=\"section\" data-e-type=\"section\">\n\t\t\t\t\t\t<div class=\"elementor-container elementor-column-gap-default\">\n\t\t\t\t\t<div class=\"elementor-column elementor-col-100 elementor-top-column elementor-element elementor-element-e11774e\" data-id=\"e11774e\" data-element_type=\"column\" data-e-type=\"column\">\n\t\t\t<div class=\"elementor-widget-wrap elementor-element-populated\">\n\t\t\t\t\t\t<div class=\"elementor-element elementor-element-1e8301e elementor-widget elementor-widget-image\" data-id=\"1e8301e\" data-element_type=\"widget\" data-e-type=\"widget\" data-widget_type=\"image.default\">\n\t\t\t\t<div class=\"elementor-widget-container\">\n\t\t\t\t\t\t\t\t\t\t\t\t\t\t\t<img fetchpriority=\"high\" decoding=\"async\" width=\"700\" height=\"650\" src=\"https:\/\/www.theater-kunterbunt.de\/wp-blog\/wp-content\/uploads\/2019\/05\/Cover_f\u00fcr_Webseite_Der-L\u00f6we.png\" class=\"attachment-large size-large wp-image-695\" alt=\"\" srcset=\"https:\/\/www.theater-kunterbunt.de\/wp-blog\/wp-content\/uploads\/2019\/05\/Cover_f\u00fcr_Webseite_Der-L\u00f6we.png 700w, https:\/\/www.theater-kunterbunt.de\/wp-blog\/wp-content\/uploads\/2019\/05\/Cover_f\u00fcr_Webseite_Der-L\u00f6we-300x279.png 300w\" sizes=\"(max-width: 700px) 100vw, 700px\" \/>\t\t\t\t\t\t\t\t\t\t\t\t\t\t\t<\/div>\n\t\t\t\t<\/div>\n\t\t\t\t\t<\/div>\n\t\t<\/div>\n\t\t\t\t\t<\/div>\n\t\t<\/section>\n\t\t\t\t<section class=\"elementor-section elementor-top-section elementor-element elementor-element-6363f65 elementor-section-boxed elementor-section-height-default elementor-section-height-default\" data-id=\"6363f65\" data-element_type=\"section\" data-e-type=\"section\">\n\t\t\t\t\t\t<div class=\"elementor-container elementor-column-gap-default\">\n\t\t\t\t\t<div class=\"elementor-column elementor-col-100 elementor-top-column elementor-element elementor-element-ca966c8\" data-id=\"ca966c8\" data-element_type=\"column\" data-e-type=\"column\">\n\t\t\t<div class=\"elementor-widget-wrap elementor-element-populated\">\n\t\t\t\t\t\t<div class=\"elementor-element elementor-element-5bb7aa1 elementor-widget elementor-widget-text-editor\" data-id=\"5bb7aa1\" data-element_type=\"widget\" data-e-type=\"widget\" data-widget_type=\"text-editor.default\">\n\t\t\t\t<div class=\"elementor-widget-container\">\n\t\t\t\t\t\t\t\t\t<p>Mit der Geschichte von Ute Krause: &#8222;Der L\u00f6we auf dem Dachboden&#8220;, habe ich mich vor etlichen Jahren auseinandergesetzt. Unter der Leitung von Wolfgang Tietz, Figurentheater Regenbogen, haben wir die Geschichte im Figurentheater Kolleg Bochum erarbeitet. Es ist eine Erz\u00e4hlung vom L\u00e4rm, von der Stille und vom Bei Sich Sein.<\/p><p>&#8222;Der L\u00f6we auf dem Dachboden&#8220; ist eine f\u00fcr mich sehr wichtige Geschichte, die ich gerne vortrage.<\/p><p>Ich danke dem Diogenes Verlag, besonders Frau E. Cherlet und Frau Krause, dass ich f\u00fcr dieses Buch werben darf und es pr\u00e4sentieren. (Das Buch gibt es direkt bei Ihrem Buchh\u00e4ndler um die Ecke. Der Weg dorthin lohnt sich.)<\/p><p>30 Minuten,\u00a0 ab 8 Jahre<\/p>\t\t\t\t\t\t\t\t<\/div>\n\t\t\t\t<\/div>\n\t\t\t\t\t<\/div>\n\t\t<\/div>\n\t\t\t\t\t<\/div>\n\t\t<\/section>\n\t\t\t\t<section class=\"elementor-section elementor-top-section elementor-element elementor-element-44f6747 elementor-section-boxed elementor-section-height-default elementor-section-height-default\" data-id=\"44f6747\" data-element_type=\"section\" data-e-type=\"section\">\n\t\t\t\t\t\t<div class=\"elementor-container elementor-column-gap-default\">\n\t\t\t\t\t<div class=\"elementor-column elementor-col-100 elementor-top-column elementor-element elementor-element-b76769b\" data-id=\"b76769b\" data-element_type=\"column\" data-e-type=\"column\">\n\t\t\t<div class=\"elementor-widget-wrap elementor-element-populated\">\n\t\t\t\t\t\t<div class=\"elementor-element elementor-element-461f018 elementor-widget elementor-widget-text-editor\" data-id=\"461f018\" data-element_type=\"widget\" data-e-type=\"widget\" data-widget_type=\"text-editor.default\">\n\t\t\t\t<div class=\"elementor-widget-container\">\n\t\t\t\t\t\t\t\t\t<p>Es gibt Wichtigeres im Leben, als best\u00e4ndig dessen Geschwindigkeit zu erh\u00f6hen.<\/p><p>&#8211; Mahatma Gandhi<\/p>\t\t\t\t\t\t\t\t<\/div>\n\t\t\t\t<\/div>\n\t\t\t\t\t<\/div>\n\t\t<\/div>\n\t\t\t\t\t<\/div>\n\t\t<\/section>\n\t\t\t\t<\/div>\n\t\t","protected":false},"excerpt":{"rendered":"<p>Mit der Geschichte von Ute Krause: &#8222;Der L\u00f6we auf dem Dachboden&#8220;, habe ich mich vor etlichen Jahren auseinandergesetzt. Unter der Leitung von Wolfgang Tietz, Figurentheater Regenbogen, haben wir die Geschichte im Figurentheater Kolleg Bochum erarbeitet. Es ist eine Erz\u00e4hlung vom L\u00e4rm, von der Stille und vom Bei Sich Sein. &#8222;Der [&hellip;]<\/p>\n","protected":false},"author":2,"featured_media":562,"parent":0,"menu_order":0,"comment_status":"closed","ping_status":"closed","template":"","meta":{"footnotes":""},"class_list":["post-713","page","type-page","status-publish","has-post-thumbnail","hentry"],"_links":{"self":[{"href":"https:\/\/www.theater-kunterbunt.de\/wp-blog\/wp-json\/wp\/v2\/pages\/713","targetHints":{"allow":["GET"]}}],"collection":[{"href":"https:\/\/www.theater-kunterbunt.de\/wp-blog\/wp-json\/wp\/v2\/pages"}],"about":[{"href":"https:\/\/www.theater-kunterbunt.de\/wp-blog\/wp-json\/wp\/v2\/types\/page"}],"author":[{"embeddable":true,"href":"https:\/\/www.theater-kunterbunt.de\/wp-blog\/wp-json\/wp\/v2\/users\/2"}],"replies":[{"embeddable":true,"href":"https:\/\/www.theater-kunterbunt.de\/wp-blog\/wp-json\/wp\/v2\/comments?post=713"}],"version-history":[{"count":12,"href":"https:\/\/www.theater-kunterbunt.de\/wp-blog\/wp-json\/wp\/v2\/pages\/713\/revisions"}],"predecessor-version":[{"id":1783,"href":"https:\/\/www.theater-kunterbunt.de\/wp-blog\/wp-json\/wp\/v2\/pages\/713\/revisions\/1783"}],"wp:featuredmedia":[{"embeddable":true,"href":"https:\/\/www.theater-kunterbunt.de\/wp-blog\/wp-json\/wp\/v2\/media\/562"}],"wp:attachment":[{"href":"https:\/\/www.theater-kunterbunt.de\/wp-blog\/wp-json\/wp\/v2\/media?parent=713"}],"curies":[{"name":"wp","href":"https:\/\/api.w.org\/{rel}","templated":true}]}}