{"id":661,"date":"2019-05-21T01:05:56","date_gmt":"2019-05-20T23:05:56","guid":{"rendered":"https:\/\/www.theater-kunterbunt.de\/wp-blog\/?page_id=661"},"modified":"2022-12-30T16:40:07","modified_gmt":"2022-12-30T15:40:07","slug":"ich-bin-der-staerkste-im-ganzen-land","status":"publish","type":"page","link":"https:\/\/www.theater-kunterbunt.de\/wp-blog\/ich-bin-der-staerkste-im-ganzen-land\/","title":{"rendered":"Ich bin der St\u00e4rkste im ganzen Land"},"content":{"rendered":"\t\t<div data-elementor-type=\"wp-post\" data-elementor-id=\"661\" class=\"elementor elementor-661\">\n\t\t\t\t\t\t<section class=\"elementor-section elementor-top-section elementor-element elementor-element-d92b177 elementor-section-boxed elementor-section-height-default elementor-section-height-default\" data-id=\"d92b177\" data-element_type=\"section\" data-e-type=\"section\">\n\t\t\t\t\t\t<div class=\"elementor-container elementor-column-gap-default\">\n\t\t\t\t\t<div class=\"elementor-column elementor-col-100 elementor-top-column elementor-element elementor-element-3ba0938\" data-id=\"3ba0938\" data-element_type=\"column\" data-e-type=\"column\">\n\t\t\t<div class=\"elementor-widget-wrap elementor-element-populated\">\n\t\t\t\t\t\t<div class=\"elementor-element elementor-element-08b3f91 elementor-widget elementor-widget-heading\" data-id=\"08b3f91\" data-element_type=\"widget\" data-e-type=\"widget\" data-widget_type=\"heading.default\">\n\t\t\t\t<div class=\"elementor-widget-container\">\n\t\t\t\t\t<h2 class=\"elementor-heading-title elementor-size-default\">Mario Ramos: Ich bin der St\u00e4rkste im Land<\/h2>\t\t\t\t<\/div>\n\t\t\t\t<\/div>\n\t\t\t\t\t<\/div>\n\t\t<\/div>\n\t\t\t\t\t<\/div>\n\t\t<\/section>\n\t\t\t\t<section class=\"elementor-section elementor-top-section elementor-element elementor-element-fc32190 elementor-section-boxed elementor-section-height-default elementor-section-height-default\" data-id=\"fc32190\" data-element_type=\"section\" data-e-type=\"section\">\n\t\t\t\t\t\t<div class=\"elementor-container elementor-column-gap-default\">\n\t\t\t\t\t<div class=\"elementor-column elementor-col-100 elementor-top-column elementor-element elementor-element-d5600ee\" data-id=\"d5600ee\" data-element_type=\"column\" data-e-type=\"column\">\n\t\t\t<div class=\"elementor-widget-wrap elementor-element-populated\">\n\t\t\t\t\t\t<div class=\"elementor-element elementor-element-d0ff97a elementor-widget elementor-widget-image\" data-id=\"d0ff97a\" data-element_type=\"widget\" data-e-type=\"widget\" data-widget_type=\"image.default\">\n\t\t\t\t<div class=\"elementor-widget-container\">\n\t\t\t\t\t\t\t\t\t\t\t\t\t\t\t<img fetchpriority=\"high\" decoding=\"async\" width=\"750\" height=\"563\" src=\"https:\/\/www.theater-kunterbunt.de\/wp-blog\/wp-content\/uploads\/2019\/05\/Cannon1-652-1024x768.jpg\" class=\"attachment-large size-large wp-image-649\" alt=\"\" srcset=\"https:\/\/www.theater-kunterbunt.de\/wp-blog\/wp-content\/uploads\/2019\/05\/Cannon1-652.jpg 1024w, https:\/\/www.theater-kunterbunt.de\/wp-blog\/wp-content\/uploads\/2019\/05\/Cannon1-652-300x225.jpg 300w, https:\/\/www.theater-kunterbunt.de\/wp-blog\/wp-content\/uploads\/2019\/05\/Cannon1-652-768x576.jpg 768w\" sizes=\"(max-width: 750px) 100vw, 750px\" \/>\t\t\t\t\t\t\t\t\t\t\t\t\t\t\t<\/div>\n\t\t\t\t<\/div>\n\t\t\t\t\t<\/div>\n\t\t<\/div>\n\t\t\t\t\t<\/div>\n\t\t<\/section>\n\t\t\t\t<section class=\"elementor-section elementor-top-section elementor-element elementor-element-50d9e34 elementor-section-boxed elementor-section-height-default elementor-section-height-default\" data-id=\"50d9e34\" data-element_type=\"section\" data-e-type=\"section\">\n\t\t\t\t\t\t<div class=\"elementor-container elementor-column-gap-default\">\n\t\t\t\t\t<div class=\"elementor-column elementor-col-100 elementor-top-column elementor-element elementor-element-4c33b82\" data-id=\"4c33b82\" data-element_type=\"column\" data-e-type=\"column\">\n\t\t\t<div class=\"elementor-widget-wrap elementor-element-populated\">\n\t\t\t\t\t\t<div class=\"elementor-element elementor-element-7c28f94 elementor-widget elementor-widget-text-editor\" data-id=\"7c28f94\" data-element_type=\"widget\" data-e-type=\"widget\" data-widget_type=\"text-editor.default\">\n\t\t\t\t<div class=\"elementor-widget-container\">\n\t\t\t\t\t\t\t\t\t<p>Bei einer Fortbildung zum Thema Papiertheater lernte ich das Buch von Mario Ramos: &#8222;Ich bin der St\u00e4rkste im ganzen Land!&#8220; kennen. Mit den ausgeschnittenen Figuren kehrte ich zur\u00fcck. Die Geschichte ist einfach zu sch\u00f6n, die Figuren genial. Diese kleine Geschichte darf nicht in einer Kiste ewig lagern. Wir haben das St\u00fcck f\u00fcr unser Papiertheater inszeniert.<\/p><p>Gerne spielen wir die kleine, kurze Geschichte bei einem Fest in der Familie, im Kindergarten, bei einem Seminar, oder bei einer Lesung.<\/p>\t\t\t\t\t\t\t\t<\/div>\n\t\t\t\t<\/div>\n\t\t\t\t\t<\/div>\n\t\t<\/div>\n\t\t\t\t\t<\/div>\n\t\t<\/section>\n\t\t\t\t<section class=\"elementor-section elementor-top-section elementor-element elementor-element-470a4ca elementor-section-boxed elementor-section-height-default elementor-section-height-default\" data-id=\"470a4ca\" data-element_type=\"section\" data-e-type=\"section\">\n\t\t\t\t\t\t<div class=\"elementor-container elementor-column-gap-default\">\n\t\t\t\t\t<div class=\"elementor-column elementor-col-50 elementor-top-column elementor-element elementor-element-3ab273b\" data-id=\"3ab273b\" data-element_type=\"column\" data-e-type=\"column\">\n\t\t\t<div class=\"elementor-widget-wrap elementor-element-populated\">\n\t\t\t\t\t\t<div class=\"elementor-element elementor-element-7400ea4 elementor-widget elementor-widget-text-editor\" data-id=\"7400ea4\" data-element_type=\"widget\" data-e-type=\"widget\" data-widget_type=\"text-editor.default\">\n\t\t\t\t<div class=\"elementor-widget-container\">\n\t\t\t\t\t\t\t\t\t<div class=\"review\"><address>\u00bbEine wunderbare Mutmachgeschichte.\u00ab<\/address><address>Ursula Persak, <em>N\u00fcrnberger Nachrichten<\/em><\/address><\/div>\t\t\t\t\t\t\t\t<\/div>\n\t\t\t\t<\/div>\n\t\t\t\t\t<\/div>\n\t\t<\/div>\n\t\t\t\t<div class=\"elementor-column elementor-col-50 elementor-top-column elementor-element elementor-element-9fa7c14\" data-id=\"9fa7c14\" data-element_type=\"column\" data-e-type=\"column\">\n\t\t\t<div class=\"elementor-widget-wrap elementor-element-populated\">\n\t\t\t\t\t\t<div class=\"elementor-element elementor-element-ee74533 elementor-widget elementor-widget-image\" data-id=\"ee74533\" data-element_type=\"widget\" data-e-type=\"widget\" data-widget_type=\"image.default\">\n\t\t\t\t<div class=\"elementor-widget-container\">\n\t\t\t\t\t\t\t\t\t\t\t\t\t\t\t<img decoding=\"async\" width=\"750\" height=\"563\" src=\"https:\/\/www.theater-kunterbunt.de\/wp-blog\/wp-content\/uploads\/2019\/05\/Juni-2010-058-1024x768.jpg\" class=\"attachment-large size-large wp-image-647\" alt=\"\" srcset=\"https:\/\/www.theater-kunterbunt.de\/wp-blog\/wp-content\/uploads\/2019\/05\/Juni-2010-058.jpg 1024w, https:\/\/www.theater-kunterbunt.de\/wp-blog\/wp-content\/uploads\/2019\/05\/Juni-2010-058-300x225.jpg 300w, https:\/\/www.theater-kunterbunt.de\/wp-blog\/wp-content\/uploads\/2019\/05\/Juni-2010-058-768x576.jpg 768w\" sizes=\"(max-width: 750px) 100vw, 750px\" \/>\t\t\t\t\t\t\t\t\t\t\t\t\t\t\t<\/div>\n\t\t\t\t<\/div>\n\t\t\t\t\t<\/div>\n\t\t<\/div>\n\t\t\t\t\t<\/div>\n\t\t<\/section>\n\t\t\t\t<section class=\"elementor-section elementor-top-section elementor-element elementor-element-0e72171 elementor-section-boxed elementor-section-height-default elementor-section-height-default\" data-id=\"0e72171\" data-element_type=\"section\" data-e-type=\"section\">\n\t\t\t\t\t\t<div class=\"elementor-container elementor-column-gap-default\">\n\t\t\t\t\t<div class=\"elementor-column elementor-col-100 elementor-top-column elementor-element elementor-element-f3982f2\" data-id=\"f3982f2\" data-element_type=\"column\" data-e-type=\"column\">\n\t\t\t<div class=\"elementor-widget-wrap elementor-element-populated\">\n\t\t\t\t\t\t<div class=\"elementor-element elementor-element-8c18ebd elementor-widget elementor-widget-image\" data-id=\"8c18ebd\" data-element_type=\"widget\" data-e-type=\"widget\" data-widget_type=\"image.default\">\n\t\t\t\t<div class=\"elementor-widget-container\">\n\t\t\t\t\t\t\t\t\t\t\t\t\t\t\t<img decoding=\"async\" width=\"750\" height=\"563\" src=\"https:\/\/www.theater-kunterbunt.de\/wp-blog\/wp-content\/uploads\/2019\/05\/Juni-2010-057-1024x768.jpg\" class=\"attachment-large size-large wp-image-646\" alt=\"\" srcset=\"https:\/\/www.theater-kunterbunt.de\/wp-blog\/wp-content\/uploads\/2019\/05\/Juni-2010-057-1024x768.jpg 1024w, https:\/\/www.theater-kunterbunt.de\/wp-blog\/wp-content\/uploads\/2019\/05\/Juni-2010-057-300x225.jpg 300w, https:\/\/www.theater-kunterbunt.de\/wp-blog\/wp-content\/uploads\/2019\/05\/Juni-2010-057-768x576.jpg 768w, https:\/\/www.theater-kunterbunt.de\/wp-blog\/wp-content\/uploads\/2019\/05\/Juni-2010-057.jpg 1600w\" sizes=\"(max-width: 750px) 100vw, 750px\" \/>\t\t\t\t\t\t\t\t\t\t\t\t\t\t\t<\/div>\n\t\t\t\t<\/div>\n\t\t\t\t\t<\/div>\n\t\t<\/div>\n\t\t\t\t\t<\/div>\n\t\t<\/section>\n\t\t\t\t<section class=\"elementor-section elementor-top-section elementor-element elementor-element-1342b0c elementor-section-boxed elementor-section-height-default elementor-section-height-default\" data-id=\"1342b0c\" data-element_type=\"section\" data-e-type=\"section\">\n\t\t\t\t\t\t<div class=\"elementor-container elementor-column-gap-default\">\n\t\t\t\t\t<div class=\"elementor-column elementor-col-50 elementor-top-column elementor-element elementor-element-6a55045\" data-id=\"6a55045\" data-element_type=\"column\" data-e-type=\"column\">\n\t\t\t<div class=\"elementor-widget-wrap elementor-element-populated\">\n\t\t\t\t\t\t<div class=\"elementor-element elementor-element-433472d elementor-widget elementor-widget-image\" data-id=\"433472d\" data-element_type=\"widget\" data-e-type=\"widget\" data-widget_type=\"image.default\">\n\t\t\t\t<div class=\"elementor-widget-container\">\n\t\t\t\t\t\t\t\t\t\t\t\t\t\t\t<img loading=\"lazy\" decoding=\"async\" width=\"750\" height=\"563\" src=\"https:\/\/www.theater-kunterbunt.de\/wp-blog\/wp-content\/uploads\/2019\/05\/Cannon1-650-1024x768.jpg\" class=\"attachment-large size-large wp-image-648\" alt=\"\" srcset=\"https:\/\/www.theater-kunterbunt.de\/wp-blog\/wp-content\/uploads\/2019\/05\/Cannon1-650.jpg 1024w, https:\/\/www.theater-kunterbunt.de\/wp-blog\/wp-content\/uploads\/2019\/05\/Cannon1-650-300x225.jpg 300w, https:\/\/www.theater-kunterbunt.de\/wp-blog\/wp-content\/uploads\/2019\/05\/Cannon1-650-768x576.jpg 768w\" sizes=\"(max-width: 750px) 100vw, 750px\" \/>\t\t\t\t\t\t\t\t\t\t\t\t\t\t\t<\/div>\n\t\t\t\t<\/div>\n\t\t\t\t\t<\/div>\n\t\t<\/div>\n\t\t\t\t<div class=\"elementor-column elementor-col-50 elementor-top-column elementor-element elementor-element-4df3efe\" data-id=\"4df3efe\" data-element_type=\"column\" data-e-type=\"column\">\n\t\t\t<div class=\"elementor-widget-wrap elementor-element-populated\">\n\t\t\t\t\t\t<div class=\"elementor-element elementor-element-01f4b7b elementor-widget elementor-widget-text-editor\" data-id=\"01f4b7b\" data-element_type=\"widget\" data-e-type=\"widget\" data-widget_type=\"text-editor.default\">\n\t\t\t\t<div class=\"elementor-widget-container\">\n\t\t\t\t\t\t\t\t\t<p>Das Buch ist im<a href=\"https:\/\/www.moritzverlag.de\/\"> Moritz Verlag <\/a>erschienen.<\/p>\n<div id=\"attributes\">\n<ul class=\"attributes list-unstyled\">\n<li>Aus dem Franz\u00f6sischen von Markus Weber<\/li>\n<li>Pappbilderbuch<\/li>\n<li>32 Seiten<\/li>\n<li>17.5 x 24.5 cm<\/li>\n<li>ISBN 9783895651366<\/li>\n<li>Die Bilder stammen von Mario Ramos<\/li>\n<li>Kaufen Sie das Buch doch bei Ihrem kleinen Buchh\u00e4ndler um die Ecke.<\/li>\n<\/ul>\n<\/div>\t\t\t\t\t\t\t\t<\/div>\n\t\t\t\t<\/div>\n\t\t\t\t\t<\/div>\n\t\t<\/div>\n\t\t\t\t\t<\/div>\n\t\t<\/section>\n\t\t\t\t<\/div>\n\t\t","protected":false},"excerpt":{"rendered":"<p>Mario Ramos: Ich bin der St\u00e4rkste im Land Bei einer Fortbildung zum Thema Papiertheater lernte ich das Buch von Mario Ramos: &#8222;Ich bin der St\u00e4rkste im ganzen Land!&#8220; kennen. Mit den ausgeschnittenen Figuren kehrte ich zur\u00fcck. Die Geschichte ist einfach zu sch\u00f6n, die Figuren genial. Diese kleine Geschichte darf nicht [&hellip;]<\/p>\n","protected":false},"author":2,"featured_media":562,"parent":0,"menu_order":0,"comment_status":"closed","ping_status":"closed","template":"","meta":{"footnotes":""},"class_list":["post-661","page","type-page","status-publish","has-post-thumbnail","hentry"],"_links":{"self":[{"href":"https:\/\/www.theater-kunterbunt.de\/wp-blog\/wp-json\/wp\/v2\/pages\/661","targetHints":{"allow":["GET"]}}],"collection":[{"href":"https:\/\/www.theater-kunterbunt.de\/wp-blog\/wp-json\/wp\/v2\/pages"}],"about":[{"href":"https:\/\/www.theater-kunterbunt.de\/wp-blog\/wp-json\/wp\/v2\/types\/page"}],"author":[{"embeddable":true,"href":"https:\/\/www.theater-kunterbunt.de\/wp-blog\/wp-json\/wp\/v2\/users\/2"}],"replies":[{"embeddable":true,"href":"https:\/\/www.theater-kunterbunt.de\/wp-blog\/wp-json\/wp\/v2\/comments?post=661"}],"version-history":[{"count":11,"href":"https:\/\/www.theater-kunterbunt.de\/wp-blog\/wp-json\/wp\/v2\/pages\/661\/revisions"}],"predecessor-version":[{"id":1779,"href":"https:\/\/www.theater-kunterbunt.de\/wp-blog\/wp-json\/wp\/v2\/pages\/661\/revisions\/1779"}],"wp:featuredmedia":[{"embeddable":true,"href":"https:\/\/www.theater-kunterbunt.de\/wp-blog\/wp-json\/wp\/v2\/media\/562"}],"wp:attachment":[{"href":"https:\/\/www.theater-kunterbunt.de\/wp-blog\/wp-json\/wp\/v2\/media?parent=661"}],"curies":[{"name":"wp","href":"https:\/\/api.w.org\/{rel}","templated":true}]}}