{"id":451,"date":"2019-04-19T21:59:33","date_gmt":"2019-04-19T19:59:33","guid":{"rendered":"https:\/\/www.theater-kunterbunt.de\/wp-blog\/?page_id=451"},"modified":"2023-03-30T20:18:13","modified_gmt":"2023-03-30T18:18:13","slug":"geschichte-des-theaters","status":"publish","type":"page","link":"https:\/\/www.theater-kunterbunt.de\/wp-blog\/geschichte-des-theaters\/","title":{"rendered":"Geschichte des Theaters"},"content":{"rendered":"\t\t<div data-elementor-type=\"wp-post\" data-elementor-id=\"451\" class=\"elementor elementor-451\">\n\t\t\t\t\t\t<section class=\"elementor-section elementor-top-section elementor-element elementor-element-043e34b elementor-section-boxed elementor-section-height-default elementor-section-height-default\" data-id=\"043e34b\" data-element_type=\"section\" data-e-type=\"section\">\n\t\t\t\t\t\t<div class=\"elementor-container elementor-column-gap-default\">\n\t\t\t\t\t<div class=\"elementor-column elementor-col-100 elementor-top-column elementor-element elementor-element-6f350ce\" data-id=\"6f350ce\" data-element_type=\"column\" data-e-type=\"column\">\n\t\t\t<div class=\"elementor-widget-wrap elementor-element-populated\">\n\t\t\t\t\t\t\t<\/div>\n\t\t<\/div>\n\t\t\t\t\t<\/div>\n\t\t<\/section>\n\t\t\t\t<section class=\"elementor-section elementor-top-section elementor-element elementor-element-451b7ce elementor-section-boxed elementor-section-height-default elementor-section-height-default\" data-id=\"451b7ce\" data-element_type=\"section\" data-e-type=\"section\">\n\t\t\t\t\t\t<div class=\"elementor-container elementor-column-gap-default\">\n\t\t\t\t\t<div class=\"elementor-column elementor-col-100 elementor-top-column elementor-element elementor-element-14524d7\" data-id=\"14524d7\" data-element_type=\"column\" data-e-type=\"column\">\n\t\t\t<div class=\"elementor-widget-wrap elementor-element-populated\">\n\t\t\t\t\t\t<div class=\"elementor-element elementor-element-fe28130 elementor-widget elementor-widget-heading\" data-id=\"fe28130\" data-element_type=\"widget\" data-e-type=\"widget\" data-widget_type=\"heading.default\">\n\t\t\t\t<div class=\"elementor-widget-container\">\n\t\t\t\t\t<h2 class=\"elementor-heading-title elementor-size-default\">Geschichte des Theaters Kunterbunt<\/h2>\t\t\t\t<\/div>\n\t\t\t\t<\/div>\n\t\t\t\t\t<\/div>\n\t\t<\/div>\n\t\t\t\t\t<\/div>\n\t\t<\/section>\n\t\t\t\t<section class=\"elementor-section elementor-top-section elementor-element elementor-element-cbcc923 elementor-section-boxed elementor-section-height-default elementor-section-height-default\" data-id=\"cbcc923\" data-element_type=\"section\" data-e-type=\"section\">\n\t\t\t\t\t\t<div class=\"elementor-container elementor-column-gap-default\">\n\t\t\t\t\t<div class=\"elementor-column elementor-col-100 elementor-top-column elementor-element elementor-element-5267c6d\" data-id=\"5267c6d\" data-element_type=\"column\" data-e-type=\"column\">\n\t\t\t<div class=\"elementor-widget-wrap elementor-element-populated\">\n\t\t\t\t\t\t<div class=\"elementor-element elementor-element-bd2632d elementor-widget elementor-widget-text-editor\" data-id=\"bd2632d\" data-element_type=\"widget\" data-e-type=\"widget\" data-widget_type=\"text-editor.default\">\n\t\t\t\t<div class=\"elementor-widget-container\">\n\t\t\t\t\t\t\t\t\t<ul><li>1991 entwickelte sich aus einer Eltern-Kind-Gruppe der Evangelischen Kirche in Postbauer-Heng eine Theatergruppe. Die jungen Eltern haben f\u00fcr ihre Kinder Theaterst\u00fccke mit Figuren entwickelt und diese den Kindern vorgespielt.<\/li><li>Regelm\u00e4\u00dfige kleinere Auftritte f\u00fchrten dazu, dass das Theater KUNTERBUNT gegr\u00fcndet wurde.<\/li><li>Im August 1999 sendete das ZDF vom Wurzhof, einer Einrichtung der Diakonie f\u00fcr Menschen mit Behinderung, einen Gottesdienst. Das Figurentheater Kunterbunt hatte mit Bewohnern des Wurzhofes ein Anspiel einge\u00fcbt. Gemeinsam mit den Menschen mit Beeintr\u00e4chtigung pr\u00e4sentierte die Gruppe das St\u00fcck im Gottesdienst.<\/li><li>Als die Marktgemeinde Postbauer-Heng die Alte Henger Schule als Proberaum zur Verf\u00fcgung stellte, begann die Gruppe, Gastspiele zu organisieren. Zu den G\u00e4sten geh\u00f6rten Thalias Kompagnons, die 2005 mit dem Baur-Preis f\u00fcr Darstellende Kunst der Bayrischen Akademie der sch\u00f6nen K\u00fcnste ausgezeichnet wurde, J\u00f6rg Baesecke von der \u201eKleinsten B\u00fchne der Welt\u201c aus M\u00fcnchen; oder das Theater der Schatten aus Bamberg, dessen Leiter Norbert G\u00f6tz K\u00fcnstlerischer Leiter des Internationalen Schattentheaterfestivals in Schw\u00e4bisch Gm\u00fcnd ist.<\/li><\/ul>\t\t\t\t\t\t\t\t<\/div>\n\t\t\t\t<\/div>\n\t\t\t\t\t<\/div>\n\t\t<\/div>\n\t\t\t\t\t<\/div>\n\t\t<\/section>\n\t\t\t\t<section class=\"elementor-section elementor-top-section elementor-element elementor-element-ca75904 elementor-section-boxed elementor-section-height-default elementor-section-height-default\" data-id=\"ca75904\" data-element_type=\"section\" data-e-type=\"section\">\n\t\t\t\t\t\t<div class=\"elementor-container elementor-column-gap-default\">\n\t\t\t\t\t<div class=\"elementor-column elementor-col-33 elementor-top-column elementor-element elementor-element-ffefe5c\" data-id=\"ffefe5c\" data-element_type=\"column\" data-e-type=\"column\">\n\t\t\t<div class=\"elementor-widget-wrap elementor-element-populated\">\n\t\t\t\t\t\t<div class=\"elementor-element elementor-element-84e9bba elementor-widget elementor-widget-image\" data-id=\"84e9bba\" data-element_type=\"widget\" data-e-type=\"widget\" data-widget_type=\"image.default\">\n\t\t\t\t<div class=\"elementor-widget-container\">\n\t\t\t\t\t\t\t\t\t\t\t\t\t\t\t<img fetchpriority=\"high\" decoding=\"async\" width=\"750\" height=\"563\" src=\"https:\/\/www.theater-kunterbunt.de\/wp-blog\/wp-content\/uploads\/2019\/04\/Alte-Schule-063-1024x768.jpg\" class=\"attachment-large size-large wp-image-459\" alt=\"\" srcset=\"https:\/\/www.theater-kunterbunt.de\/wp-blog\/wp-content\/uploads\/2019\/04\/Alte-Schule-063-1024x768.jpg 1024w, https:\/\/www.theater-kunterbunt.de\/wp-blog\/wp-content\/uploads\/2019\/04\/Alte-Schule-063-300x225.jpg 300w, https:\/\/www.theater-kunterbunt.de\/wp-blog\/wp-content\/uploads\/2019\/04\/Alte-Schule-063-768x576.jpg 768w, https:\/\/www.theater-kunterbunt.de\/wp-blog\/wp-content\/uploads\/2019\/04\/Alte-Schule-063.jpg 1280w\" sizes=\"(max-width: 750px) 100vw, 750px\" \/>\t\t\t\t\t\t\t\t\t\t\t\t\t\t\t<\/div>\n\t\t\t\t<\/div>\n\t\t\t\t\t<\/div>\n\t\t<\/div>\n\t\t\t\t<div class=\"elementor-column elementor-col-33 elementor-top-column elementor-element elementor-element-d323425\" data-id=\"d323425\" data-element_type=\"column\" data-e-type=\"column\">\n\t\t\t<div class=\"elementor-widget-wrap elementor-element-populated\">\n\t\t\t\t\t\t<div class=\"elementor-element elementor-element-923b502 elementor-widget elementor-widget-image\" data-id=\"923b502\" data-element_type=\"widget\" data-e-type=\"widget\" data-widget_type=\"image.default\">\n\t\t\t\t<div class=\"elementor-widget-container\">\n\t\t\t\t\t\t\t\t\t\t\t\t\t\t\t<img decoding=\"async\" width=\"750\" height=\"563\" src=\"https:\/\/www.theater-kunterbunt.de\/wp-blog\/wp-content\/uploads\/2019\/04\/Alte-Schule-066-1024x768.jpg\" class=\"attachment-large size-large wp-image-457\" alt=\"\" srcset=\"https:\/\/www.theater-kunterbunt.de\/wp-blog\/wp-content\/uploads\/2019\/04\/Alte-Schule-066-1024x768.jpg 1024w, https:\/\/www.theater-kunterbunt.de\/wp-blog\/wp-content\/uploads\/2019\/04\/Alte-Schule-066-300x225.jpg 300w, https:\/\/www.theater-kunterbunt.de\/wp-blog\/wp-content\/uploads\/2019\/04\/Alte-Schule-066-768x576.jpg 768w, https:\/\/www.theater-kunterbunt.de\/wp-blog\/wp-content\/uploads\/2019\/04\/Alte-Schule-066.jpg 1280w\" sizes=\"(max-width: 750px) 100vw, 750px\" \/>\t\t\t\t\t\t\t\t\t\t\t\t\t\t\t<\/div>\n\t\t\t\t<\/div>\n\t\t\t\t\t<\/div>\n\t\t<\/div>\n\t\t\t\t<div class=\"elementor-column elementor-col-33 elementor-top-column elementor-element elementor-element-efd71d7\" data-id=\"efd71d7\" data-element_type=\"column\" data-e-type=\"column\">\n\t\t\t<div class=\"elementor-widget-wrap elementor-element-populated\">\n\t\t\t\t\t\t<div class=\"elementor-element elementor-element-c8abce4 elementor-widget elementor-widget-image\" data-id=\"c8abce4\" data-element_type=\"widget\" data-e-type=\"widget\" data-widget_type=\"image.default\">\n\t\t\t\t<div class=\"elementor-widget-container\">\n\t\t\t\t\t\t\t\t\t\t\t\t\t\t\t<img decoding=\"async\" width=\"750\" height=\"563\" src=\"https:\/\/www.theater-kunterbunt.de\/wp-blog\/wp-content\/uploads\/2019\/04\/Alte-Schule-073-1024x768.jpg\" class=\"attachment-large size-large wp-image-461\" alt=\"\" srcset=\"https:\/\/www.theater-kunterbunt.de\/wp-blog\/wp-content\/uploads\/2019\/04\/Alte-Schule-073-1024x768.jpg 1024w, https:\/\/www.theater-kunterbunt.de\/wp-blog\/wp-content\/uploads\/2019\/04\/Alte-Schule-073-300x225.jpg 300w, https:\/\/www.theater-kunterbunt.de\/wp-blog\/wp-content\/uploads\/2019\/04\/Alte-Schule-073-768x576.jpg 768w, https:\/\/www.theater-kunterbunt.de\/wp-blog\/wp-content\/uploads\/2019\/04\/Alte-Schule-073.jpg 1280w\" sizes=\"(max-width: 750px) 100vw, 750px\" \/>\t\t\t\t\t\t\t\t\t\t\t\t\t\t\t<\/div>\n\t\t\t\t<\/div>\n\t\t\t\t\t<\/div>\n\t\t<\/div>\n\t\t\t\t\t<\/div>\n\t\t<\/section>\n\t\t\t\t<section class=\"elementor-section elementor-top-section elementor-element elementor-element-c8b93e5 elementor-section-boxed elementor-section-height-default elementor-section-height-default\" data-id=\"c8b93e5\" data-element_type=\"section\" data-e-type=\"section\">\n\t\t\t\t\t\t<div class=\"elementor-container elementor-column-gap-default\">\n\t\t\t\t\t<div class=\"elementor-column elementor-col-100 elementor-top-column elementor-element elementor-element-ad15108\" data-id=\"ad15108\" data-element_type=\"column\" data-e-type=\"column\">\n\t\t\t<div class=\"elementor-widget-wrap elementor-element-populated\">\n\t\t\t\t\t\t<div class=\"elementor-element elementor-element-605407e elementor-widget elementor-widget-text-editor\" data-id=\"605407e\" data-element_type=\"widget\" data-e-type=\"widget\" data-widget_type=\"text-editor.default\">\n\t\t\t\t<div class=\"elementor-widget-container\">\n\t\t\t\t\t\t\t\t\t<ul><li>2005 wird das Figurentheater Kunterbunt nominiert f\u00fcr den Fritz Wortelmann Preis in Bochum. Hier baut die Gruppe zu anderen Amateurb\u00fchnen Kontakte auf. Unter anderem spielt der Gewinner des Fritz Wortelmann Preises 2005, Kolja Liebscher, im Figurentheater Kunterbunt.<\/li><li>Gemeinsam mit dem 3T Theater aus Br\u00fchl organisierte das Theater 2006 einen Workshop f\u00fcr Kinder. Es entstanden Figuren, die ihren Auftritt in einer kleinen Szene vor gro\u00dfem Publikum hatten.<\/li><li>2006 erhielt ich mein Abschluss-Zertifikat f\u00fcr die Grundausbildung Figurentheater. 270 Seminarstunden habe ich in einer nebenberuflichen Weiterbildung in Warmsen absolviert.<\/li><li>Im Herbst 2006 und im Fr\u00fchjahr 2007 organisierten wir Papiertheater-Workshops in der Grundschule in Berngau und in der Erich K\u00e4stner Schule Postbauer-Heng.<\/li><li>Im Mai 2008 mussten wir die Alte Henger Schule f\u00fcr eine Musikschule r\u00e4umen. Wir verloren unseren Probe- und Veranstaltungsraum.<\/li><li>Mit unserem St\u00fcck: \u201eAlbin und Lila\u201c wurden wir 2009 zum Fritz Wortelmann Preis nach Bochum eingeladen.<\/li><li>Gemeinsam mit Angelika Albrecht-Schaffer baten wir den Verband Bayrischer Amateurtheater e.V. (VBAT), auch Figurentheater aufzunehmen. Das Pr\u00e4sidium hie\u00df uns willkommen. 2015 wurde in Ingolstadt der Bezirk Figurentheater gegr\u00fcndet.<\/li><li>2018 wurden zum ersten Mal vom Verband Bayrischer Amateurtheater e.V. Figurentheater mit dem Larifari geehrt. Ich durfte den zweiten Preis f\u00fcr das St\u00fcck \u201eDer Wunschring\u201c entgegennehmen. Diese Auszeichnung hat mich sehr gefreut.<\/li><li>2019 fand in Berching in der Oberpfalz das 1. Figurentheater Festival der Amateure statt. Der Verband Bayrischer Amateurtheater verlieh mir die Silberne Ehrenadel als Dank und Anerkennung f\u00fcr verdienstvolle T\u00e4tigkeiten im Bayrischen Volks- und Amateurtheater.<\/li><li>Im November 2022 habe ich einen Raum in unserem Haus zum Theater umgebaut. Das Theater hat nur 17 Pl\u00e4tze, aber es ist ein Ort zum Spielen, \u00dcben, H\u00f6ren und Schauen entstanden. Ein erster H\u00f6hepunkt war der Besuch des \u201ePapiertheaters am Ring\u201c aus Wilhermsdorf. Sie zeigten Schneewittchen.<\/li><li>\u201eAm 4. Advent morgens um vier\u201c: Eine Weihnachtsgeschichte, die ich einmal meiner Mutter erz\u00e4hlte. Sie war von der Geschichte fasziniert und erkannte viel in ihrer Geschichte wieder. Ich entschloss mich, die Geschichte zu inszenieren. In der Weihnachtszeit 2022 hatte das St\u00fcck seine Premiere. In einer \u201eStrohkirche\u201c, einem ganz besonderen Projekt der Katholischen Kirchengemeinde Postbauer-Heng, konnte ich das St\u00fcck einer gr\u00f6\u00dferen Zuh\u00f6rergruppe pr\u00e4sentieren.<\/li><\/ul>\t\t\t\t\t\t\t\t<\/div>\n\t\t\t\t<\/div>\n\t\t\t\t\t<\/div>\n\t\t<\/div>\n\t\t\t\t\t<\/div>\n\t\t<\/section>\n\t\t\t\t<\/div>\n\t\t","protected":false},"excerpt":{"rendered":"<p>Geschichte des Theaters Kunterbunt 1991 entwickelte sich aus einer Eltern-Kind-Gruppe der Evangelischen Kirche in Postbauer-Heng eine Theatergruppe. Die jungen Eltern haben f\u00fcr ihre Kinder Theaterst\u00fccke mit Figuren entwickelt und diese den Kindern vorgespielt. Regelm\u00e4\u00dfige kleinere Auftritte f\u00fchrten dazu, dass das Theater KUNTERBUNT gegr\u00fcndet wurde. Im August 1999 sendete das ZDF [&hellip;]<\/p>\n","protected":false},"author":2,"featured_media":562,"parent":0,"menu_order":0,"comment_status":"closed","ping_status":"closed","template":"","meta":{"footnotes":""},"class_list":["post-451","page","type-page","status-publish","has-post-thumbnail","hentry"],"_links":{"self":[{"href":"https:\/\/www.theater-kunterbunt.de\/wp-blog\/wp-json\/wp\/v2\/pages\/451","targetHints":{"allow":["GET"]}}],"collection":[{"href":"https:\/\/www.theater-kunterbunt.de\/wp-blog\/wp-json\/wp\/v2\/pages"}],"about":[{"href":"https:\/\/www.theater-kunterbunt.de\/wp-blog\/wp-json\/wp\/v2\/types\/page"}],"author":[{"embeddable":true,"href":"https:\/\/www.theater-kunterbunt.de\/wp-blog\/wp-json\/wp\/v2\/users\/2"}],"replies":[{"embeddable":true,"href":"https:\/\/www.theater-kunterbunt.de\/wp-blog\/wp-json\/wp\/v2\/comments?post=451"}],"version-history":[{"count":13,"href":"https:\/\/www.theater-kunterbunt.de\/wp-blog\/wp-json\/wp\/v2\/pages\/451\/revisions"}],"predecessor-version":[{"id":1930,"href":"https:\/\/www.theater-kunterbunt.de\/wp-blog\/wp-json\/wp\/v2\/pages\/451\/revisions\/1930"}],"wp:featuredmedia":[{"embeddable":true,"href":"https:\/\/www.theater-kunterbunt.de\/wp-blog\/wp-json\/wp\/v2\/media\/562"}],"wp:attachment":[{"href":"https:\/\/www.theater-kunterbunt.de\/wp-blog\/wp-json\/wp\/v2\/media?parent=451"}],"curies":[{"name":"wp","href":"https:\/\/api.w.org\/{rel}","templated":true}]}}