{"id":418,"date":"2019-04-19T19:36:42","date_gmt":"2019-04-19T17:36:42","guid":{"rendered":"https:\/\/www.theater-kunterbunt.de\/wp-blog\/?page_id=418"},"modified":"2025-03-30T14:46:30","modified_gmt":"2025-03-30T12:46:30","slug":"erzaehltheater","status":"publish","type":"page","link":"https:\/\/www.theater-kunterbunt.de\/wp-blog\/erzaehltheater\/","title":{"rendered":"Erz\u00e4hlen"},"content":{"rendered":"\t\t<div data-elementor-type=\"wp-post\" data-elementor-id=\"418\" class=\"elementor elementor-418\">\n\t\t\t\t\t\t<section class=\"elementor-section elementor-top-section elementor-element elementor-element-3fdb5cd elementor-section-boxed elementor-section-height-default elementor-section-height-default\" data-id=\"3fdb5cd\" data-element_type=\"section\" data-e-type=\"section\">\n\t\t\t\t\t\t<div class=\"elementor-container elementor-column-gap-default\">\n\t\t\t\t\t<div class=\"elementor-column elementor-col-100 elementor-top-column elementor-element elementor-element-2a77e9e\" data-id=\"2a77e9e\" data-element_type=\"column\" data-e-type=\"column\">\n\t\t\t<div class=\"elementor-widget-wrap elementor-element-populated\">\n\t\t\t\t\t\t<div class=\"elementor-element elementor-element-a6aee0a elementor-widget elementor-widget-text-editor\" data-id=\"a6aee0a\" data-element_type=\"widget\" data-e-type=\"widget\" data-widget_type=\"text-editor.default\">\n\t\t\t\t<div class=\"elementor-widget-container\">\n\t\t\t\t\t\t\t\t\t<p>\u201eDort wiesen sie ihm ein St\u00e4llchen unter der Treppe, wo kein Tageslicht hinkam, und sagten, &lt;Rauhtierchen, da kannst du wohnen und schlafen&gt;. Dann ward es in die K\u00fcche geschickt und tat alle schlechte Arbeit.<\/p><p>Da lebte Allerleirauh lange Zeit\u00a0 recht armselig. Ach, du sch\u00f6ne K\u00f6nigstochter, wie solls mit dir noch werden!\u201c<\/p><p>\u201eAllerleirauh\u201c, M\u00e4rchen der Br\u00fcder Grimm, Nr. 65<\/p>\t\t\t\t\t\t\t\t<\/div>\n\t\t\t\t<\/div>\n\t\t\t\t\t<\/div>\n\t\t<\/div>\n\t\t\t\t\t<\/div>\n\t\t<\/section>\n\t\t\t\t<section class=\"elementor-section elementor-top-section elementor-element elementor-element-6b76ddf elementor-section-boxed elementor-section-height-default elementor-section-height-default\" data-id=\"6b76ddf\" data-element_type=\"section\" data-e-type=\"section\">\n\t\t\t\t\t\t<div class=\"elementor-container elementor-column-gap-default\">\n\t\t\t\t\t<div class=\"elementor-column elementor-col-100 elementor-top-column elementor-element elementor-element-b66dfc7\" data-id=\"b66dfc7\" data-element_type=\"column\" data-e-type=\"column\">\n\t\t\t<div class=\"elementor-widget-wrap elementor-element-populated\">\n\t\t\t\t\t\t<div class=\"elementor-element elementor-element-f2a54bc elementor-widget elementor-widget-text-editor\" data-id=\"f2a54bc\" data-element_type=\"widget\" data-e-type=\"widget\" data-widget_type=\"text-editor.default\">\n\t\t\t\t<div class=\"elementor-widget-container\">\n\t\t\t\t\t\t\t\t\t<p>Schauen wir uns um in unserer Welt heute, dann geht es dem Erz\u00e4hlen wie Allerleirauh im M\u00e4rchen der Br\u00fcder Grimm. Christa Oehlmann\u00a0 schreibt: \u201c \u2026 das M\u00e4rchen bietet sich an als Bild f\u00fcr das Erz\u00e4hlen, das heute ein \u00e4hnlich armseliges Leben fristet, vergessen, verkannt, verkommen, auch nicht recht definierbar, eben wie Allerleirauh in seinem Patchworkmantel aus zusammengeflicktem Rauhwerk von mancherlei Tierfell, ru\u00dfgeschw\u00e4rzt und gut f\u00fcr die K\u00fcche (wo ja das Erz\u00e4hlen bekanntlich zu allen Seiten gedieh.)&#8220; \u00a0\u00a0\u00a0\u00a0\u00a0\u00a0 Christa Oehlmann: &#8222;Erz\u00e4hlen lernen&#8220;,\u00a0 S. 9<\/p>\t\t\t\t\t\t\t\t<\/div>\n\t\t\t\t<\/div>\n\t\t\t\t\t<\/div>\n\t\t<\/div>\n\t\t\t\t\t<\/div>\n\t\t<\/section>\n\t\t\t\t<section class=\"elementor-section elementor-top-section elementor-element elementor-element-87a3498 elementor-section-boxed elementor-section-height-default elementor-section-height-default\" data-id=\"87a3498\" data-element_type=\"section\" data-e-type=\"section\">\n\t\t\t\t\t\t<div class=\"elementor-container elementor-column-gap-default\">\n\t\t\t\t\t<div class=\"elementor-column elementor-col-50 elementor-top-column elementor-element elementor-element-888fb03\" data-id=\"888fb03\" data-element_type=\"column\" data-e-type=\"column\">\n\t\t\t<div class=\"elementor-widget-wrap elementor-element-populated\">\n\t\t\t\t\t\t<div class=\"elementor-element elementor-element-e3d847d elementor-widget elementor-widget-image\" data-id=\"e3d847d\" data-element_type=\"widget\" data-e-type=\"widget\" data-widget_type=\"image.default\">\n\t\t\t\t<div class=\"elementor-widget-container\">\n\t\t\t\t\t\t\t\t\t\t\t\t\t\t\t<img fetchpriority=\"high\" decoding=\"async\" width=\"327\" height=\"331\" src=\"https:\/\/www.theater-kunterbunt.de\/wp-blog\/wp-content\/uploads\/2019\/04\/Andrea.jpg\" class=\"attachment-large size-large wp-image-353\" alt=\"\" srcset=\"https:\/\/www.theater-kunterbunt.de\/wp-blog\/wp-content\/uploads\/2019\/04\/Andrea.jpg 327w, https:\/\/www.theater-kunterbunt.de\/wp-blog\/wp-content\/uploads\/2019\/04\/Andrea-296x300.jpg 296w\" sizes=\"(max-width: 327px) 100vw, 327px\" \/>\t\t\t\t\t\t\t\t\t\t\t\t\t\t\t<\/div>\n\t\t\t\t<\/div>\n\t\t\t\t\t<\/div>\n\t\t<\/div>\n\t\t\t\t<div class=\"elementor-column elementor-col-50 elementor-top-column elementor-element elementor-element-b86bdc1\" data-id=\"b86bdc1\" data-element_type=\"column\" data-e-type=\"column\">\n\t\t\t<div class=\"elementor-widget-wrap elementor-element-populated\">\n\t\t\t\t\t\t<div class=\"elementor-element elementor-element-4660f51 elementor-widget elementor-widget-image\" data-id=\"4660f51\" data-element_type=\"widget\" data-e-type=\"widget\" data-widget_type=\"image.default\">\n\t\t\t\t<div class=\"elementor-widget-container\">\n\t\t\t\t\t\t\t\t\t\t\t\t\t\t\t<img decoding=\"async\" src=\"https:\/\/www.theater-kunterbunt.de\/wp-blog\/wp-content\/uploads\/elementor\/thumbs\/Bernd-e1555686220741-o6lu7auwcvd60mwx927v02t6a6j9848eyg0c6bwjc0.jpg\" title=\"Bernd\" alt=\"Bernd\" loading=\"lazy\" \/>\t\t\t\t\t\t\t\t\t\t\t\t\t\t\t<\/div>\n\t\t\t\t<\/div>\n\t\t\t\t\t<\/div>\n\t\t<\/div>\n\t\t\t\t\t<\/div>\n\t\t<\/section>\n\t\t\t\t<section class=\"elementor-section elementor-top-section elementor-element elementor-element-a382ecf elementor-section-boxed elementor-section-height-default elementor-section-height-default\" data-id=\"a382ecf\" data-element_type=\"section\" data-e-type=\"section\">\n\t\t\t\t\t\t<div class=\"elementor-container elementor-column-gap-default\">\n\t\t\t\t\t<div class=\"elementor-column elementor-col-100 elementor-top-column elementor-element elementor-element-cc50b29\" data-id=\"cc50b29\" data-element_type=\"column\" data-e-type=\"column\">\n\t\t\t<div class=\"elementor-widget-wrap elementor-element-populated\">\n\t\t\t\t\t\t<div class=\"elementor-element elementor-element-1316d70 elementor-widget elementor-widget-text-editor\" data-id=\"1316d70\" data-element_type=\"widget\" data-e-type=\"widget\" data-widget_type=\"text-editor.default\">\n\t\t\t\t<div class=\"elementor-widget-container\">\n\t\t\t\t\t\t\t\t\t<p>Die M\u00e4rchenerz\u00e4hlerin Andrea Will und Bernd&nbsp; Bischoff erz\u00e4hlen Geschichten. Auf Fortbildungen, in unserer Praxis haben wir uns mit Geschichten besch\u00e4ftigt. Wir sp\u00fcren: Geschichten m\u00fcssen erz\u00e4hlt werden, sie m\u00fcssen unter das Volk. Sie haben es nicht verdient, ein \u201earmseliges Leben unter der Treppe zu fristen\u201c.<\/p>\n<p>So haben wir uns zusammengetan. Erz\u00e4hlen alleine oder treten zusammen auf. Dann m\u00f6chten wir so ehrlich, so wahrhaftig erz\u00e4hlen wie nur m\u00f6glich. Das Wort soll den Zuh\u00f6rer, die Zuh\u00f6rerin entf\u00fchren in eine andere Welt.<\/p>\t\t\t\t\t\t\t\t<\/div>\n\t\t\t\t<\/div>\n\t\t\t\t\t<\/div>\n\t\t<\/div>\n\t\t\t\t\t<\/div>\n\t\t<\/section>\n\t\t\t\t<section class=\"elementor-section elementor-top-section elementor-element elementor-element-fa08a91 elementor-section-boxed elementor-section-height-default elementor-section-height-default\" data-id=\"fa08a91\" data-element_type=\"section\" data-e-type=\"section\">\n\t\t\t\t\t\t<div class=\"elementor-container elementor-column-gap-default\">\n\t\t\t\t\t<div class=\"elementor-column elementor-col-50 elementor-top-column elementor-element elementor-element-ebcfc58\" data-id=\"ebcfc58\" data-element_type=\"column\" data-e-type=\"column\">\n\t\t\t<div class=\"elementor-widget-wrap elementor-element-populated\">\n\t\t\t\t\t\t<div class=\"elementor-element elementor-element-59359d4 elementor-widget__width-initial elementor-widget elementor-widget-button\" data-id=\"59359d4\" data-element_type=\"widget\" data-e-type=\"widget\" data-widget_type=\"button.default\">\n\t\t\t\t<div class=\"elementor-widget-container\">\n\t\t\t\t\t\t\t\t\t<div class=\"elementor-button-wrapper\">\n\t\t\t\t\t<a class=\"elementor-button elementor-button-link elementor-size-sm\" href=\"http:\/\/www.theater-kunterbunt.de\/wp-blog\/bibelerzaehler\/\">\n\t\t\t\t\t\t<span class=\"elementor-button-content-wrapper\">\n\t\t\t\t\t\t\t\t\t<span class=\"elementor-button-text\">Hier klicken<\/span>\n\t\t\t\t\t<\/span>\n\t\t\t\t\t<\/a>\n\t\t\t\t<\/div>\n\t\t\t\t\t\t\t\t<\/div>\n\t\t\t\t<\/div>\n\t\t\t\t\t<\/div>\n\t\t<\/div>\n\t\t\t\t<div class=\"elementor-column elementor-col-50 elementor-top-column elementor-element elementor-element-bade0cf\" data-id=\"bade0cf\" data-element_type=\"column\" data-e-type=\"column\">\n\t\t\t<div class=\"elementor-widget-wrap elementor-element-populated\">\n\t\t\t\t\t\t<div class=\"elementor-element elementor-element-3dd2742 elementor-widget elementor-widget-text-editor\" data-id=\"3dd2742\" data-element_type=\"widget\" data-e-type=\"widget\" data-widget_type=\"text-editor.default\">\n\t\t\t\t<div class=\"elementor-widget-container\">\n\t\t\t\t\t\t\t\t\t<p>Bibelerz\u00e4hler<\/p>\t\t\t\t\t\t\t\t<\/div>\n\t\t\t\t<\/div>\n\t\t\t\t\t<\/div>\n\t\t<\/div>\n\t\t\t\t\t<\/div>\n\t\t<\/section>\n\t\t\t\t<\/div>\n\t\t","protected":false},"excerpt":{"rendered":"<p>\u201eDort wiesen sie ihm ein St\u00e4llchen unter der Treppe, wo kein Tageslicht hinkam, und sagten, &lt;Rauhtierchen, da kannst du wohnen und schlafen&gt;. Dann ward es in die K\u00fcche geschickt und tat alle schlechte Arbeit. Da lebte Allerleirauh lange Zeit\u00a0 recht armselig. Ach, du sch\u00f6ne K\u00f6nigstochter, wie solls mit dir noch [&hellip;]<\/p>\n","protected":false},"author":2,"featured_media":562,"parent":0,"menu_order":0,"comment_status":"closed","ping_status":"closed","template":"","meta":{"footnotes":""},"class_list":["post-418","page","type-page","status-publish","has-post-thumbnail","hentry"],"_links":{"self":[{"href":"https:\/\/www.theater-kunterbunt.de\/wp-blog\/wp-json\/wp\/v2\/pages\/418","targetHints":{"allow":["GET"]}}],"collection":[{"href":"https:\/\/www.theater-kunterbunt.de\/wp-blog\/wp-json\/wp\/v2\/pages"}],"about":[{"href":"https:\/\/www.theater-kunterbunt.de\/wp-blog\/wp-json\/wp\/v2\/types\/page"}],"author":[{"embeddable":true,"href":"https:\/\/www.theater-kunterbunt.de\/wp-blog\/wp-json\/wp\/v2\/users\/2"}],"replies":[{"embeddable":true,"href":"https:\/\/www.theater-kunterbunt.de\/wp-blog\/wp-json\/wp\/v2\/comments?post=418"}],"version-history":[{"count":34,"href":"https:\/\/www.theater-kunterbunt.de\/wp-blog\/wp-json\/wp\/v2\/pages\/418\/revisions"}],"predecessor-version":[{"id":2688,"href":"https:\/\/www.theater-kunterbunt.de\/wp-blog\/wp-json\/wp\/v2\/pages\/418\/revisions\/2688"}],"wp:featuredmedia":[{"embeddable":true,"href":"https:\/\/www.theater-kunterbunt.de\/wp-blog\/wp-json\/wp\/v2\/media\/562"}],"wp:attachment":[{"href":"https:\/\/www.theater-kunterbunt.de\/wp-blog\/wp-json\/wp\/v2\/media?parent=418"}],"curies":[{"name":"wp","href":"https:\/\/api.w.org\/{rel}","templated":true}]}}