{"id":405,"date":"2019-04-19T19:23:14","date_gmt":"2019-04-19T17:23:14","guid":{"rendered":"https:\/\/www.theater-kunterbunt.de\/wp-blog\/?page_id=405"},"modified":"2022-12-30T16:32:59","modified_gmt":"2022-12-30T15:32:59","slug":"papiertheater","status":"publish","type":"page","link":"https:\/\/www.theater-kunterbunt.de\/wp-blog\/papiertheater\/","title":{"rendered":"Papiertheater"},"content":{"rendered":"\t\t<div data-elementor-type=\"wp-post\" data-elementor-id=\"405\" class=\"elementor elementor-405\">\n\t\t\t\t\t\t<section class=\"elementor-section elementor-top-section elementor-element elementor-element-df29811 elementor-section-boxed elementor-section-height-default elementor-section-height-default\" data-id=\"df29811\" data-element_type=\"section\" data-e-type=\"section\">\n\t\t\t\t\t\t<div class=\"elementor-container elementor-column-gap-default\">\n\t\t\t\t\t<div class=\"elementor-column elementor-col-100 elementor-top-column elementor-element elementor-element-2093aff\" data-id=\"2093aff\" data-element_type=\"column\" data-e-type=\"column\">\n\t\t\t<div class=\"elementor-widget-wrap elementor-element-populated\">\n\t\t\t\t\t\t<div class=\"elementor-element elementor-element-c49a87e elementor-widget elementor-widget-image\" data-id=\"c49a87e\" data-element_type=\"widget\" data-e-type=\"widget\" data-widget_type=\"image.default\">\n\t\t\t\t<div class=\"elementor-widget-container\">\n\t\t\t\t\t\t\t\t\t\t\t\t<figure class=\"wp-caption\">\n\t\t\t\t\t\t\t\t\t\t<img fetchpriority=\"high\" decoding=\"async\" width=\"468\" height=\"569\" src=\"https:\/\/www.theater-kunterbunt.de\/wp-blog\/wp-content\/uploads\/2019\/04\/Papiertheater-e1555684751748.jpg\" class=\"attachment-large size-large wp-image-329\" alt=\"\" \/>\t\t\t\t\t\t\t\t\t\t\t<figcaption class=\"widget-image-caption wp-caption-text\">Historisches Museum Frankfurt<\/figcaption>\n\t\t\t\t\t\t\t\t\t\t<\/figure>\n\t\t\t\t\t\t\t\t\t<\/div>\n\t\t\t\t<\/div>\n\t\t\t\t\t<\/div>\n\t\t<\/div>\n\t\t\t\t\t<\/div>\n\t\t<\/section>\n\t\t\t\t<section class=\"elementor-section elementor-top-section elementor-element elementor-element-5bafc18 elementor-section-boxed elementor-section-height-default elementor-section-height-default\" data-id=\"5bafc18\" data-element_type=\"section\" data-e-type=\"section\">\n\t\t\t\t\t\t<div class=\"elementor-container elementor-column-gap-default\">\n\t\t\t\t\t<div class=\"elementor-column elementor-col-100 elementor-top-column elementor-element elementor-element-1595226\" data-id=\"1595226\" data-element_type=\"column\" data-e-type=\"column\">\n\t\t\t<div class=\"elementor-widget-wrap elementor-element-populated\">\n\t\t\t\t\t\t<div class=\"elementor-element elementor-element-0f939c0 elementor-widget elementor-widget-text-editor\" data-id=\"0f939c0\" data-element_type=\"widget\" data-e-type=\"widget\" data-widget_type=\"text-editor.default\">\n\t\t\t\t<div class=\"elementor-widget-container\">\n\t\t\t\t\t\t\t\t\t<p>Papiertheater sind Miniaturb\u00fchnen, die sich in Ausstattung, B\u00fchnentechnik und Repertoire eng am gro\u00dfen zeitgen\u00f6ssischen Theater der ersten H\u00e4lfte des 19. Jahrhunderts orientierten.<sup>1<\/sup><\/p>\n<p>In b\u00fcrgerlichen Haushalten jener Zeit, geh\u00f6rte ein Papiertheater zum Standard. Die ganze Familie baute, entwickelte, schnitt Figuren aus. Anschlie\u00dfend wurde im Wohnzimmer vor Freunden und Bekannten das Ergebnis pr\u00e4sentiert. Die Akteure brachten das klassische Sprechtheater (Schiller, Goethe, Heinrich Kleist), Lustspiele (Johann Nestroy, August von Kotzebue) und Opern (Zauberfl\u00f6te, Freisch\u00fctz) auf die kleine B\u00fchne.<sup>2 <\/sup>&nbsp;Durch die Erfindung der Lithographie lie\u00dfen sich Papierb\u00f6gen preiswert bedrucken und verschafften dem Papiertheater gro\u00dfe Beliebtheit.<\/p>\n<p>Nach den beiden gro\u00dfen Weltkriegen geriet das Papiertheater in Vergessenheit. Gegen die \u201eneuen Medien\u201c Radio, Fernsehen und Computer hatten die Miniaturb\u00fchnen keine Chance.<\/p>\n<p>Doch Sammler und eine kleine Szene von Spielern halten das Papiertheater am Leben. Auf Festivals, zum Beispiel in Preetz bei Kiel, trifft sich die Szene, tauscht sich aus und zeigt einem interessierten Publikum ihre Ergebnisse.<\/p>\n<p>Das Forum Papiertheater bietet allen Freunden und Freundinnen eine Plattform um sich auszutauschen, die Theaterform kennen zu lernen.<\/p>\n<p>ANMERKUNGEN:<sup><\/sup><\/p>\n<p><sup>1 <\/sup>vgl. Walter R\u00f6hler: Gro\u00dfe Liebe zu kleinen Theatern. Ein Beitrag zur Kulturgeschichte des Papiertheaters. Hamburg 1963, S. 7<\/p>\n<p><sup>2<\/sup>siehe auch \u201eHanauer Papiertheater Museum\u201c, Herausgegeber: Magistrat der Stadt Hanau- Kulturamt&nbsp; Museum Hana Schloss Phillippsruhe, Hanau 1992, Seite 6 -20<\/p>\n<p>Bild: Kunstwerk C23094c, Winkelmann &amp; S\u00f6hne, Berlin, Drittes Bild auf einem Bilderbogen &#8222;4 Genrebilder&#8220;: Papiertheathervorf\u00fchrung f\u00fcr Kinder, kolorierte Lithographie um 1860.<\/p>\t\t\t\t\t\t\t\t<\/div>\n\t\t\t\t<\/div>\n\t\t\t\t\t<\/div>\n\t\t<\/div>\n\t\t\t\t\t<\/div>\n\t\t<\/section>\n\t\t\t\t<section class=\"elementor-section elementor-top-section elementor-element elementor-element-19e9817 elementor-section-boxed elementor-section-height-default elementor-section-height-default\" data-id=\"19e9817\" data-element_type=\"section\" data-e-type=\"section\">\n\t\t\t\t\t\t<div class=\"elementor-container elementor-column-gap-default\">\n\t\t\t\t\t<div class=\"elementor-column elementor-col-50 elementor-top-column elementor-element elementor-element-be5929b\" data-id=\"be5929b\" data-element_type=\"column\" data-e-type=\"column\">\n\t\t\t<div class=\"elementor-widget-wrap elementor-element-populated\">\n\t\t\t\t\t\t<div class=\"elementor-element elementor-element-905329b elementor-widget elementor-widget-button\" data-id=\"905329b\" data-element_type=\"widget\" data-e-type=\"widget\" data-widget_type=\"button.default\">\n\t\t\t\t<div class=\"elementor-widget-container\">\n\t\t\t\t\t\t\t\t\t<div class=\"elementor-button-wrapper\">\n\t\t\t\t\t<a class=\"elementor-button elementor-button-link elementor-size-sm\" href=\"https:\/\/www.theater-kunterbunt.de\/wp-blog\/ich-bin-der-staerkste-im-ganzen-land\/\">\n\t\t\t\t\t\t<span class=\"elementor-button-content-wrapper\">\n\t\t\t\t\t\t\t\t\t<span class=\"elementor-button-text\">Hier Klicken<\/span>\n\t\t\t\t\t<\/span>\n\t\t\t\t\t<\/a>\n\t\t\t\t<\/div>\n\t\t\t\t\t\t\t\t<\/div>\n\t\t\t\t<\/div>\n\t\t\t\t\t<\/div>\n\t\t<\/div>\n\t\t\t\t<div class=\"elementor-column elementor-col-50 elementor-top-column elementor-element elementor-element-047dda3\" data-id=\"047dda3\" data-element_type=\"column\" data-e-type=\"column\">\n\t\t\t<div class=\"elementor-widget-wrap elementor-element-populated\">\n\t\t\t\t\t\t<div class=\"elementor-element elementor-element-8362554 elementor-widget elementor-widget-text-editor\" data-id=\"8362554\" data-element_type=\"widget\" data-e-type=\"widget\" data-widget_type=\"text-editor.default\">\n\t\t\t\t<div class=\"elementor-widget-container\">\n\t\t\t\t\t\t\t\t\t<p>Ich bin der St\u00e4rkste im ganzen Land.<\/p>\t\t\t\t\t\t\t\t<\/div>\n\t\t\t\t<\/div>\n\t\t\t\t\t<\/div>\n\t\t<\/div>\n\t\t\t\t\t<\/div>\n\t\t<\/section>\n\t\t\t\t<\/div>\n\t\t","protected":false},"excerpt":{"rendered":"<p>Historisches Museum Frankfurt Papiertheater sind Miniaturb\u00fchnen, die sich in Ausstattung, B\u00fchnentechnik und Repertoire eng am gro\u00dfen zeitgen\u00f6ssischen Theater der ersten H\u00e4lfte des 19. Jahrhunderts orientierten.1 In b\u00fcrgerlichen Haushalten jener Zeit, geh\u00f6rte ein Papiertheater zum Standard. Die ganze Familie baute, entwickelte, schnitt Figuren aus. Anschlie\u00dfend wurde im Wohnzimmer vor Freunden und [&hellip;]<\/p>\n","protected":false},"author":2,"featured_media":562,"parent":0,"menu_order":0,"comment_status":"closed","ping_status":"closed","template":"","meta":{"footnotes":""},"class_list":["post-405","page","type-page","status-publish","has-post-thumbnail","hentry"],"_links":{"self":[{"href":"https:\/\/www.theater-kunterbunt.de\/wp-blog\/wp-json\/wp\/v2\/pages\/405","targetHints":{"allow":["GET"]}}],"collection":[{"href":"https:\/\/www.theater-kunterbunt.de\/wp-blog\/wp-json\/wp\/v2\/pages"}],"about":[{"href":"https:\/\/www.theater-kunterbunt.de\/wp-blog\/wp-json\/wp\/v2\/types\/page"}],"author":[{"embeddable":true,"href":"https:\/\/www.theater-kunterbunt.de\/wp-blog\/wp-json\/wp\/v2\/users\/2"}],"replies":[{"embeddable":true,"href":"https:\/\/www.theater-kunterbunt.de\/wp-blog\/wp-json\/wp\/v2\/comments?post=405"}],"version-history":[{"count":14,"href":"https:\/\/www.theater-kunterbunt.de\/wp-blog\/wp-json\/wp\/v2\/pages\/405\/revisions"}],"predecessor-version":[{"id":2414,"href":"https:\/\/www.theater-kunterbunt.de\/wp-blog\/wp-json\/wp\/v2\/pages\/405\/revisions\/2414"}],"wp:featuredmedia":[{"embeddable":true,"href":"https:\/\/www.theater-kunterbunt.de\/wp-blog\/wp-json\/wp\/v2\/media\/562"}],"wp:attachment":[{"href":"https:\/\/www.theater-kunterbunt.de\/wp-blog\/wp-json\/wp\/v2\/media?parent=405"}],"curies":[{"name":"wp","href":"https:\/\/api.w.org\/{rel}","templated":true}]}}