{"id":395,"date":"2019-04-19T19:11:04","date_gmt":"2019-04-19T17:11:04","guid":{"rendered":"https:\/\/www.theater-kunterbunt.de\/wp-blog\/?page_id=395"},"modified":"2025-04-28T13:27:55","modified_gmt":"2025-04-28T11:27:55","slug":"der-wunschring","status":"publish","type":"page","link":"https:\/\/www.theater-kunterbunt.de\/wp-blog\/der-wunschring\/","title":{"rendered":"Der Wunschring"},"content":{"rendered":"\t\t<div data-elementor-type=\"wp-post\" data-elementor-id=\"395\" class=\"elementor elementor-395\">\n\t\t\t\t\t\t<section class=\"elementor-section elementor-top-section elementor-element elementor-element-cd3694b elementor-section-boxed elementor-section-height-default elementor-section-height-default\" data-id=\"cd3694b\" data-element_type=\"section\" data-e-type=\"section\">\n\t\t\t\t\t\t<div class=\"elementor-container elementor-column-gap-default\">\n\t\t\t\t\t<div class=\"elementor-column elementor-col-100 elementor-top-column elementor-element elementor-element-27380c4\" data-id=\"27380c4\" data-element_type=\"column\" data-e-type=\"column\">\n\t\t\t<div class=\"elementor-widget-wrap elementor-element-populated\">\n\t\t\t\t\t\t<div class=\"elementor-element elementor-element-c309067 elementor-widget elementor-widget-heading\" data-id=\"c309067\" data-element_type=\"widget\" data-e-type=\"widget\" data-widget_type=\"heading.default\">\n\t\t\t\t<div class=\"elementor-widget-container\">\n\t\t\t\t\t<h2 class=\"elementor-heading-title elementor-size-default\">Der Wunschring<\/h2>\t\t\t\t<\/div>\n\t\t\t\t<\/div>\n\t\t\t\t\t<\/div>\n\t\t<\/div>\n\t\t\t\t\t<\/div>\n\t\t<\/section>\n\t\t\t\t<section class=\"elementor-section elementor-top-section elementor-element elementor-element-c6cb6a7 elementor-section-boxed elementor-section-height-default elementor-section-height-default\" data-id=\"c6cb6a7\" data-element_type=\"section\" data-e-type=\"section\">\n\t\t\t\t\t\t<div class=\"elementor-container elementor-column-gap-default\">\n\t\t\t\t\t<div class=\"elementor-column elementor-col-100 elementor-top-column elementor-element elementor-element-23e3f49\" data-id=\"23e3f49\" data-element_type=\"column\" data-e-type=\"column\">\n\t\t\t<div class=\"elementor-widget-wrap elementor-element-populated\">\n\t\t\t\t\t\t<div class=\"elementor-element elementor-element-e5ef213 elementor-widget elementor-widget-text-editor\" data-id=\"e5ef213\" data-element_type=\"widget\" data-e-type=\"widget\" data-widget_type=\"text-editor.default\">\n\t\t\t\t<div class=\"elementor-widget-container\">\n\t\t\t\t\t\t\t\t\t<p>Ein Bauer ist mit seinem Leben unzufrieden, denn er hat viele W\u00fcnsche. Eines Tages macht er sich auf den Weg. Er rettet einen Adler und erh\u00e4lt zum Dank einen Ring. Der Adler spricht: \u201eDu hast mich erl\u00f6st! Nimm zum Dank den Ring, der in dem anderen Ei gewesen ist! Es ist ein Wunschring. Wenn du ihn am Finger umdrehst und dabei einen Wunsch aussprichst, wird er alsbald in Erf\u00fcllung gehen. Aber es ist nur ein einziger Wunsch im Ring. Ist der getan, so hat der Ring alle weitere Kraft verloren und ist nur wie ein gew\u00f6hnlicher Ring. Darum \u00fcberlege dir wohl, was du dir w\u00fcnschst, auf dass es dich nicht nachher gereue.\u201c<\/p><p>Welche W\u00fcnsche hat der Bauer? F\u00fcr welchen Wunsch entscheidet er sich? Wird er gl\u00fccklich? Braucht er den Ring?<\/p><p>Das M\u00e4rchen stammt von Richard von Volkmann-Leander (* 17. August 1830 in Leipzig; \u2020 28. November 1889 in Jena)<\/p>\t\t\t\t\t\t\t\t<\/div>\n\t\t\t\t<\/div>\n\t\t\t\t\t<\/div>\n\t\t<\/div>\n\t\t\t\t\t<\/div>\n\t\t<\/section>\n\t\t\t\t<section class=\"elementor-section elementor-top-section elementor-element elementor-element-28c8acf elementor-section-boxed elementor-section-height-default elementor-section-height-default\" data-id=\"28c8acf\" data-element_type=\"section\" data-e-type=\"section\">\n\t\t\t\t\t\t<div class=\"elementor-container elementor-column-gap-default\">\n\t\t\t\t\t<div class=\"elementor-column elementor-col-50 elementor-top-column elementor-element elementor-element-9244855\" data-id=\"9244855\" data-element_type=\"column\" data-e-type=\"column\">\n\t\t\t<div class=\"elementor-widget-wrap elementor-element-populated\">\n\t\t\t\t\t\t<div class=\"elementor-element elementor-element-190129a elementor-widget elementor-widget-image\" data-id=\"190129a\" data-element_type=\"widget\" data-e-type=\"widget\" data-widget_type=\"image.default\">\n\t\t\t\t<div class=\"elementor-widget-container\">\n\t\t\t\t\t\t\t\t\t\t\t\t<figure class=\"wp-caption\">\n\t\t\t\t\t\t\t\t\t\t<img fetchpriority=\"high\" decoding=\"async\" width=\"354\" height=\"531\" src=\"https:\/\/www.theater-kunterbunt.de\/wp-blog\/wp-content\/uploads\/2019\/04\/2016-10-08-Nacht-der-offenen-Kirchen-18-e1555684136943.jpg\" class=\"attachment-full size-full wp-image-323\" alt=\"\" \/>\t\t\t\t\t\t\t\t\t\t\t<figcaption class=\"widget-image-caption wp-caption-text\">Foto von Annie Berschneider<\/figcaption>\n\t\t\t\t\t\t\t\t\t\t<\/figure>\n\t\t\t\t\t\t\t\t\t<\/div>\n\t\t\t\t<\/div>\n\t\t\t\t\t<\/div>\n\t\t<\/div>\n\t\t\t\t<div class=\"elementor-column elementor-col-50 elementor-top-column elementor-element elementor-element-51d5463\" data-id=\"51d5463\" data-element_type=\"column\" data-e-type=\"column\">\n\t\t\t<div class=\"elementor-widget-wrap elementor-element-populated\">\n\t\t\t\t\t\t<div class=\"elementor-element elementor-element-3494a30 elementor-widget elementor-widget-text-editor\" data-id=\"3494a30\" data-element_type=\"widget\" data-e-type=\"widget\" data-widget_type=\"text-editor.default\">\n\t\t\t\t<div class=\"elementor-widget-container\">\n\t\t\t\t\t\t\t\t\t<p>Dauer: ca 30 Minuten<\/p><p>Gr\u00f6\u00dfe der B\u00fchne:<\/p><p>2,00 mal 3,00 Meter<\/p><div><\/div><div><\/div>\t\t\t\t\t\t\t\t<\/div>\n\t\t\t\t<\/div>\n\t\t\t\t\t<\/div>\n\t\t<\/div>\n\t\t\t\t\t<\/div>\n\t\t<\/section>\n\t\t\t\t<section class=\"elementor-section elementor-top-section elementor-element elementor-element-7dcb78e elementor-section-boxed elementor-section-height-default elementor-section-height-default\" data-id=\"7dcb78e\" data-element_type=\"section\" data-e-type=\"section\">\n\t\t\t\t\t\t<div class=\"elementor-container elementor-column-gap-default\">\n\t\t\t\t\t<div class=\"elementor-column elementor-col-100 elementor-top-column elementor-element elementor-element-3d15583\" data-id=\"3d15583\" data-element_type=\"column\" data-e-type=\"column\">\n\t\t\t<div class=\"elementor-widget-wrap elementor-element-populated\">\n\t\t\t\t\t\t<div class=\"elementor-element elementor-element-1d8e3f6 elementor-widget elementor-widget-text-editor\" data-id=\"1d8e3f6\" data-element_type=\"widget\" data-e-type=\"widget\" data-widget_type=\"text-editor.default\">\n\t\t\t\t<div class=\"elementor-widget-container\">\n\t\t\t\t\t\t\t\t\t<p>Zum ersten Mal konnten sich 2018 Amateur-Figurentheater, die Mitglied im Verband Bayrischer Amateurtheater sind, f\u00fcr den \u201eLarifari\u201c bewerben. Damit wurde der erst vor wenigen Jahren gegr\u00fcndete Bezirk Figurentheater aufgewertet. Mit einem Preis wird die Arbeit eines Theaters anerkannt und gef\u00f6rdert.<\/p><p>Gewonnen hat den Preis \u201e<strong>Das Kleine Spiel<\/strong>\u201c, das mit dem St\u00fcck \u201e<strong>Der Zusammensto\u00df<\/strong>\u201c den Preis entgegennehmen durfte. Ich gratuliere den Kollegen recht herzlich.<\/p><p>Unser Theater durfte den zweiten Preis f\u00fcr das St\u00fcck <strong>\u201eDer Wunschring\u201c <\/strong>entgegen nehmen. Diese Auszeichnung hat mich sehr gefreut. Gut zwei Jahre habe ich an der Idee f\u00fcr das St\u00fcck in meiner Freizeit gearbeitet. Gemeinsam mit C\u00e9cile Legrand vom Theater sepTeMBer entwickelte ich die Inszenierungsidee. Sie hat einen gro\u00dfen Anteil an diesem Erfolg und es geb\u00fchrt ein herzliches Dankesch\u00f6n auch f\u00fcr die erbauliche Zusammenarbeit mit ihr. Daneben gibt es Menschen, die sich das St\u00fcck in der \u00dcbungsphase angeschaut haben und mir hilfreiche Tipps gaben. Unter anderem war das Gilbert Meyer vom tohu-bohu-theatre in Stra\u00dfburg und Elke Siegburg vom 3T Theater in Br\u00fchl. Euch allen sage ich herzlichen Dank.<\/p>\t\t\t\t\t\t\t\t<\/div>\n\t\t\t\t<\/div>\n\t\t\t\t\t<\/div>\n\t\t<\/div>\n\t\t\t\t\t<\/div>\n\t\t<\/section>\n\t\t\t\t<section class=\"elementor-section elementor-top-section elementor-element elementor-element-07ea14b elementor-section-boxed elementor-section-height-default elementor-section-height-default\" data-id=\"07ea14b\" data-element_type=\"section\" data-e-type=\"section\">\n\t\t\t\t\t\t<div class=\"elementor-container elementor-column-gap-default\">\n\t\t\t\t\t<div class=\"elementor-column elementor-col-100 elementor-top-column elementor-element elementor-element-54ed88b\" data-id=\"54ed88b\" data-element_type=\"column\" data-e-type=\"column\">\n\t\t\t<div class=\"elementor-widget-wrap elementor-element-populated\">\n\t\t\t\t\t\t<div class=\"elementor-element elementor-element-4c39ec4 elementor-widget elementor-widget-text-editor\" data-id=\"4c39ec4\" data-element_type=\"widget\" data-e-type=\"widget\" data-widget_type=\"text-editor.default\">\n\t\t\t\t<div class=\"elementor-widget-container\">\n\t\t\t\t\t\t\t\t\t<p>Tristant Vogt <a href=\"http:\/\/www.thalias-kompagnons.de\/\">(THALIAS KOMPAGNONS)<\/a> schrieb: &#8222;Ich habe deinen &#8222;Wunschring&#8220; angeschaut. Ich m\u00f6chte dir sagen, dass es mir SEHR gut gefallen hat &#8211; eine Wohltat!<\/p>\n<p>Klug gemacht, angenehm schlicht und ehrlich erz\u00e4hlt, anr\u00fchrend und genau die richtige L\u00e4nge &#8230; Danke!&#8220;<\/p>\t\t\t\t\t\t\t\t<\/div>\n\t\t\t\t<\/div>\n\t\t\t\t\t<\/div>\n\t\t<\/div>\n\t\t\t\t\t<\/div>\n\t\t<\/section>\n\t\t\t\t<\/div>\n\t\t","protected":false},"excerpt":{"rendered":"<p>Der Wunschring Ein Bauer ist mit seinem Leben unzufrieden, denn er hat viele W\u00fcnsche. Eines Tages macht er sich auf den Weg. Er rettet einen Adler und erh\u00e4lt zum Dank einen Ring. Der Adler spricht: \u201eDu hast mich erl\u00f6st! Nimm zum Dank den Ring, der in dem anderen Ei gewesen [&hellip;]<\/p>\n","protected":false},"author":2,"featured_media":562,"parent":0,"menu_order":0,"comment_status":"closed","ping_status":"closed","template":"","meta":{"footnotes":""},"class_list":["post-395","page","type-page","status-publish","has-post-thumbnail","hentry"],"_links":{"self":[{"href":"https:\/\/www.theater-kunterbunt.de\/wp-blog\/wp-json\/wp\/v2\/pages\/395","targetHints":{"allow":["GET"]}}],"collection":[{"href":"https:\/\/www.theater-kunterbunt.de\/wp-blog\/wp-json\/wp\/v2\/pages"}],"about":[{"href":"https:\/\/www.theater-kunterbunt.de\/wp-blog\/wp-json\/wp\/v2\/types\/page"}],"author":[{"embeddable":true,"href":"https:\/\/www.theater-kunterbunt.de\/wp-blog\/wp-json\/wp\/v2\/users\/2"}],"replies":[{"embeddable":true,"href":"https:\/\/www.theater-kunterbunt.de\/wp-blog\/wp-json\/wp\/v2\/comments?post=395"}],"version-history":[{"count":13,"href":"https:\/\/www.theater-kunterbunt.de\/wp-blog\/wp-json\/wp\/v2\/pages\/395\/revisions"}],"predecessor-version":[{"id":2757,"href":"https:\/\/www.theater-kunterbunt.de\/wp-blog\/wp-json\/wp\/v2\/pages\/395\/revisions\/2757"}],"wp:featuredmedia":[{"embeddable":true,"href":"https:\/\/www.theater-kunterbunt.de\/wp-blog\/wp-json\/wp\/v2\/media\/562"}],"wp:attachment":[{"href":"https:\/\/www.theater-kunterbunt.de\/wp-blog\/wp-json\/wp\/v2\/media?parent=395"}],"curies":[{"name":"wp","href":"https:\/\/api.w.org\/{rel}","templated":true}]}}